{"id":92,"date":"2017-03-23T10:44:57","date_gmt":"2017-03-23T10:44:57","guid":{"rendered":"http:\/\/snow-mountain.ancorathemes.com\/?page_id=92"},"modified":"2020-01-17T01:20:40","modified_gmt":"2020-01-17T00:20:40","slug":"about-us","status":"publish","type":"page","link":"https:\/\/www.iceremover.eu\/de\/about-us\/","title":{"rendered":"\u00dcber uns"},"content":{"rendered":"<section class=\"wpb-content-wrapper\"><div data-vc-full-width=\"true\" data-vc-full-width-init=\"false\" class=\"vc_row wpb_row vc_row-fluid vc_row-o-equal-height vc_row-o-content-middle vc_row-flex\"><div class=\"wpb_column vc_column_container vc_col-sm-6 sc_layouts_column_icons_position_left\"><div class=\"vc_column-inner vc_custom_1492071475124\"><div class=\"wpb_wrapper\"><div class=\"vc_empty_space  vc_custom_1492071570266 height_huge\"   style=\"height: 32px\"><span class=\"vc_empty_space_inner\"><\/span><\/div><div id=\"widget_video_1887131085\" class=\"widget_area sc_widget_video vc_widget_video wpb_content_element\"><aside id=\"widget_video_1887131085_widget\" class=\"widget widget_video\"><div class=\"trx_addons_video_player without_cover\"><div class=\"video_embed video_frame\"><iframe title=\"KrisFinal\" src=\"https:\/\/player.vimeo.com\/video\/384842636?dnt=1&amp;app_id=122963\" width=\"1170\" height=\"658\" frameborder=\"0\" allow=\"autoplay; fullscreen\" allowfullscreen><\/iframe><\/div><\/div><\/aside><\/div><div class=\"vc_empty_space  vc_custom_1492071580439 height_huge\"   style=\"height: 32px\"><span class=\"vc_empty_space_inner\"><\/span><\/div><\/div><\/div><\/div><div class=\"wpb_column vc_column_container vc_col-sm-6 sc_layouts_column_icons_position_left\"><div class=\"vc_column-inner vc_custom_1492071485787\"><div class=\"wpb_wrapper\"><div class=\"vc_empty_space  vc_custom_1492071586012 height_huge\"   style=\"height: 32px\"><span class=\"vc_empty_space_inner\"><\/span><\/div><div id=\"sc_title_937643181\"\r\n\t\tclass=\"sc_title sc_title_default\"><h6 class=\"sc_item_subtitle sc_title_subtitle sc_align_left sc_item_title_style_default\">Wer wir sind<\/h6><h1 class=\"sc_item_title sc_title_title sc_align_left sc_item_title_style_default sc_item_title_tag\">Unsere Geschichte<\/h1><\/div><!-- \/.sc_title --><div class=\"vc_empty_space  vc_custom_1492071743492 height_tiny\"   style=\"height: 32px\"><span class=\"vc_empty_space_inner\"><\/span><\/div>\n\t<div class=\"wpb_text_column wpb_content_element\" >\n\t\t<div class=\"wpb_wrapper\">\n\t\t\t<p>Wir sind ein spezialisiertes Fassadenreinigungs- und Fensterreinigungsunternehmen aus Amsterdam, das auf Luftarbeiten spezialisiert ist.\nWir konzentrieren uns auf das Entfernen von Eiszapfen. Wir haben einen Weg gefunden, um Eiszapfen in jeder H\u00f6he auf eine gute und sichere Weise zu entfernen. Hierf\u00fcr haben wir ma\u00dfgeschneiderte L\u00f6sungen.<\/p>\n\n\t\t<\/div>\n\t<\/div>\n<div class=\"vc_empty_space  vc_custom_1578876141726 height_huge\"   style=\"height: 22px\"><span class=\"vc_empty_space_inner\"><\/span><\/div><\/div><\/div><\/div><\/div><div class=\"vc_row-full-width vc_clearfix\"><\/div><div data-vc-full-width=\"true\" data-vc-full-width-init=\"false\" class=\"vc_row wpb_row vc_row-fluid vc_custom_1578876608030 vc_row-has-fill\"><div class=\"wpb_column vc_column_container vc_col-sm-12 sc_layouts_column_icons_position_left\"><div class=\"vc_column-inner\"><div class=\"wpb_wrapper\"><div id=\"sc_title_1874381168\"\r\n\t\tclass=\"sc_title sc_title_default\"><h6 class=\"sc_item_subtitle sc_title_subtitle sc_align_center sc_item_title_style_default\">Wer wir sind<\/h6><h1 class=\"sc_item_title sc_title_title sc_align_center sc_item_title_style_default sc_item_title_tag\">Was bieten wir an<\/h1><\/div><!-- \/.sc_title --><div class=\"vc_empty_space  vc_custom_1492071743492 height_tiny\"   style=\"height: 32px\"><span class=\"vc_empty_space_inner\"><\/span><\/div><\/div><\/div><\/div><\/div><div class=\"vc_row-full-width vc_clearfix\"><\/div><div data-vc-full-width=\"true\" data-vc-full-width-init=\"false\" class=\"vc_row wpb_row vc_row-fluid vc_custom_1578876584208 vc_row-has-fill\"><div class=\"wpb_column vc_column_container vc_col-sm-6 sc_layouts_column_icons_position_left\"><div class=\"vc_column-inner\"><div class=\"wpb_wrapper\">\n\t<div  class=\"wpb_single_image wpb_content_element vc_align_right\">\n\t\t\n\t\t<figure class=\"wpb_wrapper vc_figure\">\n\t\t\t<div class=\"vc_single_image-wrapper vc_box_rounded  vc_box_border_grey\"><img width=\"634\" height=\"403\" src=\"https:\/\/www.iceremover.eu\/wp-content\/uploads\/2020\/01\/danderos-sings.jpg\" class=\"vc_single_image-img attachment-large\" alt=\"\" decoding=\"async\" loading=\"lazy\" title=\"danderos sings\" srcset=\"https:\/\/www.iceremover.eu\/wp-content\/uploads\/2020\/01\/danderos-sings.jpg 634w, https:\/\/www.iceremover.eu\/wp-content\/uploads\/2020\/01\/danderos-sings-300x191.jpg 300w, https:\/\/www.iceremover.eu\/wp-content\/uploads\/2020\/01\/danderos-sings-370x235.jpg 370w\" sizes=\"(max-width: 634px) 100vw, 634px\" \/><\/div>\n\t\t<\/figure>\n\t<\/div>\n<div class=\"vc_empty_space  vc_custom_1492072291028 height_small\"   style=\"height: 32px\"><span class=\"vc_empty_space_inner\"><\/span><\/div><\/div><\/div><\/div><div class=\"wpb_column vc_column_container vc_col-sm-6 sc_layouts_column_icons_position_left\"><div class=\"vc_column-inner\"><div class=\"wpb_wrapper\">\n\t<div  class=\"wpb_single_image wpb_content_element vc_align_center\">\n\t\t\n\t\t<figure class=\"wpb_wrapper vc_figure\">\n\t\t\t<div class=\"vc_single_image-wrapper vc_box_rounded  vc_box_border_grey\"><img width=\"634\" height=\"403\" src=\"https:\/\/www.iceremover.eu\/wp-content\/uploads\/2020\/01\/22.png\" class=\"vc_single_image-img attachment-large\" alt=\"\" decoding=\"async\" loading=\"lazy\" title=\"22\" srcset=\"https:\/\/www.iceremover.eu\/wp-content\/uploads\/2020\/01\/22.png 634w, https:\/\/www.iceremover.eu\/wp-content\/uploads\/2020\/01\/22-300x191.png 300w, https:\/\/www.iceremover.eu\/wp-content\/uploads\/2020\/01\/22-370x235.png 370w\" sizes=\"(max-width: 634px) 100vw, 634px\" \/><\/div>\n\t\t<\/figure>\n\t<\/div>\n<\/div><\/div><\/div><\/div><div class=\"vc_row-full-width vc_clearfix\"><\/div>\n<\/section>","protected":false},"excerpt":{"rendered":"Who We Areour history We are a specialized fa\u00e7ade cleaning and window cleaning company from Amsterdam specialized in aerial work. We focus on removing icicles. We have devised a way to remove icicles at any height in a good and safe way. We have tailor-made solutions for this. Who We AreWHAT DO WE OFFER","protected":false},"author":1,"featured_media":0,"parent":0,"menu_order":0,"comment_status":"closed","ping_status":"closed","template":"","meta":[],"_links":{"self":[{"href":"https:\/\/www.iceremover.eu\/de\/wp-json\/wp\/v2\/pages\/92"}],"collection":[{"href":"https:\/\/www.iceremover.eu\/de\/wp-json\/wp\/v2\/pages"}],"about":[{"href":"https:\/\/www.iceremover.eu\/de\/wp-json\/wp\/v2\/types\/page"}],"author":[{"embeddable":true,"href":"https:\/\/www.iceremover.eu\/de\/wp-json\/wp\/v2\/users\/1"}],"replies":[{"embeddable":true,"href":"https:\/\/www.iceremover.eu\/de\/wp-json\/wp\/v2\/comments?post=92"}],"version-history":[{"count":15,"href":"https:\/\/www.iceremover.eu\/de\/wp-json\/wp\/v2\/pages\/92\/revisions"}],"predecessor-version":[{"id":1169,"href":"https:\/\/www.iceremover.eu\/de\/wp-json\/wp\/v2\/pages\/92\/revisions\/1169"}],"wp:attachment":[{"href":"https:\/\/www.iceremover.eu\/de\/wp-json\/wp\/v2\/media?parent=92"}],"curies":[{"name":"wp","href":"https:\/\/api.w.org\/{rel}","templated":true}]}}